{"id":629,"date":"2020-06-24T22:25:55","date_gmt":"2020-06-24T22:25:55","guid":{"rendered":"https:\/\/cctunja.org.co\/boyacacompite\/?page_id=629"},"modified":"2022-01-14T22:17:48","modified_gmt":"2022-01-14T22:17:48","slug":"vision-crci-boyaca","status":"publish","type":"page","link":"https:\/\/cctunja.org.co\/boyacacompite\/vision-crci-boyaca\/","title":{"rendered":"Visi\u00f3n CRCI Boyac\u00e1"},"content":{"rendered":"\t\t<div data-elementor-type=\"wp-page\" data-elementor-id=\"629\" class=\"elementor elementor-629\">\n\t\t\t\t\t\t\t\t\t<section class=\"elementor-section elementor-top-section elementor-element elementor-element-3cc2188 elementor-section-boxed elementor-section-height-default elementor-section-height-default\" data-id=\"3cc2188\" data-element_type=\"section\">\n\t\t\t\t\t\t<div class=\"elementor-container elementor-column-gap-default\">\n\t\t\t\t\t<div class=\"elementor-column elementor-col-100 elementor-top-column elementor-element elementor-element-9041af4\" data-id=\"9041af4\" data-element_type=\"column\">\n\t\t\t<div class=\"elementor-widget-wrap elementor-element-populated\">\n\t\t\t\t\t\t\t\t<div class=\"elementor-element elementor-element-41274fd elementor-widget elementor-widget-heading\" data-id=\"41274fd\" data-element_type=\"widget\" data-widget_type=\"heading.default\">\n\t\t\t\t<div class=\"elementor-widget-container\">\n\t\t\t<h2 class=\"elementor-heading-title elementor-size-default\">VISION<\/h2>\t\t<\/div>\n\t\t\t\t<\/div>\n\t\t\t\t\t<\/div>\n\t\t<\/div>\n\t\t\t\t\t\t\t<\/div>\n\t\t<\/section>\n\t\t\t\t<section class=\"elementor-section elementor-top-section elementor-element elementor-element-c740f15 elementor-section-boxed elementor-section-height-default elementor-section-height-default\" data-id=\"c740f15\" data-element_type=\"section\">\n\t\t\t\t\t\t<div class=\"elementor-container elementor-column-gap-default\">\n\t\t\t\t\t<div class=\"elementor-column elementor-col-50 elementor-top-column elementor-element elementor-element-a2c99e0\" data-id=\"a2c99e0\" data-element_type=\"column\">\n\t\t\t<div class=\"elementor-widget-wrap elementor-element-populated\">\n\t\t\t\t\t\t\t\t<div class=\"elementor-element elementor-element-cf0f53b elementor-widget elementor-widget-image\" data-id=\"cf0f53b\" data-element_type=\"widget\" data-widget_type=\"image.default\">\n\t\t\t\t<div class=\"elementor-widget-container\">\n\t\t\t\t\t\t\t\t\t\t\t\t\t\t\t<img fetchpriority=\"high\" decoding=\"async\" width=\"645\" height=\"430\" src=\"https:\/\/cctunja.org.co\/boyacacompite\/wp-content\/uploads\/2020\/06\/visi\u00f3n.jpg\" class=\"attachment-large size-large wp-image-630\" alt=\"\" srcset=\"https:\/\/cctunja.org.co\/boyacacompite\/wp-content\/uploads\/2020\/06\/visi\u00f3n.jpg 645w, https:\/\/cctunja.org.co\/boyacacompite\/wp-content\/uploads\/2020\/06\/visi\u00f3n-300x200.jpg 300w\" sizes=\"(max-width: 645px) 100vw, 645px\" \/>\t\t\t\t\t\t\t\t\t\t\t\t\t\t\t<\/div>\n\t\t\t\t<\/div>\n\t\t\t\t\t<\/div>\n\t\t<\/div>\n\t\t\t\t<div class=\"elementor-column elementor-col-50 elementor-top-column elementor-element elementor-element-b69c45a\" data-id=\"b69c45a\" data-element_type=\"column\">\n\t\t\t<div class=\"elementor-widget-wrap elementor-element-populated\">\n\t\t\t\t\t\t\t\t<div class=\"elementor-element elementor-element-af0df5b elementor-widget elementor-widget-text-editor\" data-id=\"af0df5b\" data-element_type=\"widget\" data-widget_type=\"text-editor.default\">\n\t\t\t\t<div class=\"elementor-widget-container\">\n\t\t\t\t\t\t\t<p>Boyac\u00e1 en el a\u00f1o 2032 ser\u00e1 una regi\u00f3n articulada con el desarrollo mundial y altamente competitiva; con un desarrollo econ\u00f3mico sostenible, sustentable e inclusivo, que le permita tener un crecimiento sostenido en el PIB mediante la oferta competitiva de bienes y servicios relacionados con los sectores de Turismo, Agroindustria, Metalmec\u00e1nica\u2013Siderurgia y Miner\u00eda, todos soportados en una infraestructura y Conectividad, Capital Humano, Emprendimiento, CTI, y Medio Ambiente, bajo un enfoque de Desarrollo Econ\u00f3mico Local y Ordenamiento Territorial. (Plan Regional de Competitividad, 2018)<\/p>\t\t\t\t\t\t<\/div>\n\t\t\t\t<\/div>\n\t\t\t\t\t<\/div>\n\t\t<\/div>\n\t\t\t\t\t\t\t<\/div>\n\t\t<\/section>\n\t\t\t\t\t\t\t<\/div>\n\t\t","protected":false},"excerpt":{"rendered":"<p>VISION Boyac\u00e1 en el a\u00f1o 2032 ser\u00e1 una regi\u00f3n articulada con el desarrollo mundial y altamente competitiva; con un desarrollo econ\u00f3mico sostenible, sustentable e inclusivo, [&hellip;]<\/p>\n","protected":false},"author":2,"featured_media":0,"parent":0,"menu_order":0,"comment_status":"closed","ping_status":"closed","template":"elementor_header_footer","meta":{"footnotes":""},"_links":{"self":[{"href":"https:\/\/cctunja.org.co\/boyacacompite\/wp-json\/wp\/v2\/pages\/629"}],"collection":[{"href":"https:\/\/cctunja.org.co\/boyacacompite\/wp-json\/wp\/v2\/pages"}],"about":[{"href":"https:\/\/cctunja.org.co\/boyacacompite\/wp-json\/wp\/v2\/types\/page"}],"author":[{"embeddable":true,"href":"https:\/\/cctunja.org.co\/boyacacompite\/wp-json\/wp\/v2\/users\/2"}],"replies":[{"embeddable":true,"href":"https:\/\/cctunja.org.co\/boyacacompite\/wp-json\/wp\/v2\/comments?post=629"}],"version-history":[{"count":5,"href":"https:\/\/cctunja.org.co\/boyacacompite\/wp-json\/wp\/v2\/pages\/629\/revisions"}],"predecessor-version":[{"id":1315,"href":"https:\/\/cctunja.org.co\/boyacacompite\/wp-json\/wp\/v2\/pages\/629\/revisions\/1315"}],"wp:attachment":[{"href":"https:\/\/cctunja.org.co\/boyacacompite\/wp-json\/wp\/v2\/media?parent=629"}],"curies":[{"name":"wp","href":"https:\/\/api.w.org\/{rel}","templated":true}]}}