{"id":60,"date":"2020-06-03T22:12:29","date_gmt":"2020-06-03T22:12:29","guid":{"rendered":"https:\/\/cctunja.org.co\/boyacacompite\/?page_id=60"},"modified":"2022-01-17T14:42:34","modified_gmt":"2022-01-17T14:42:34","slug":"nuestro-compromiso","status":"publish","type":"page","link":"https:\/\/cctunja.org.co\/boyacacompite\/nuestro-compromiso\/","title":{"rendered":"CON\u00d3ZCANOS"},"content":{"rendered":"\t\t<div data-elementor-type=\"wp-page\" data-elementor-id=\"60\" class=\"elementor elementor-60\">\n\t\t\t\t\t\t\t\t\t<section class=\"elementor-section elementor-top-section elementor-element elementor-element-6674b3a elementor-section-boxed elementor-section-height-default elementor-section-height-default\" data-id=\"6674b3a\" data-element_type=\"section\">\n\t\t\t\t\t\t<div class=\"elementor-container elementor-column-gap-default\">\n\t\t\t\t\t<div class=\"elementor-column elementor-col-100 elementor-top-column elementor-element elementor-element-50d2b6e\" data-id=\"50d2b6e\" data-element_type=\"column\">\n\t\t\t<div class=\"elementor-widget-wrap elementor-element-populated\">\n\t\t\t\t\t\t\t\t<div class=\"elementor-element elementor-element-2d49fe3 elementor-widget elementor-widget-heading\" data-id=\"2d49fe3\" data-element_type=\"widget\" data-widget_type=\"heading.default\">\n\t\t\t\t<div class=\"elementor-widget-container\">\n\t\t\t<h2 class=\"elementor-heading-title elementor-size-default\">CON\u00d3ZCANOS<\/h2>\t\t<\/div>\n\t\t\t\t<\/div>\n\t\t\t\t\t<\/div>\n\t\t<\/div>\n\t\t\t\t\t\t\t<\/div>\n\t\t<\/section>\n\t\t\t\t<section class=\"elementor-section elementor-top-section elementor-element elementor-element-4a9b40ed elementor-section-boxed elementor-section-height-default elementor-section-height-default\" data-id=\"4a9b40ed\" data-element_type=\"section\">\n\t\t\t\t\t\t<div class=\"elementor-container elementor-column-gap-default\">\n\t\t\t\t\t<div class=\"elementor-column elementor-col-100 elementor-top-column elementor-element elementor-element-39e49f70\" data-id=\"39e49f70\" data-element_type=\"column\">\n\t\t\t<div class=\"elementor-widget-wrap elementor-element-populated\">\n\t\t\t\t\t\t\t\t<div class=\"elementor-element elementor-element-3784cabb elementor-widget elementor-widget-text-editor\" data-id=\"3784cabb\" data-element_type=\"widget\" data-widget_type=\"text-editor.default\">\n\t\t\t\t<div class=\"elementor-widget-container\">\n\t\t\t\t\t\t\t<p style=\"text-align: left;\"><span style=\"color: #ff0000; font-family: arial, helvetica, sans-serif;\"><img fetchpriority=\"high\" decoding=\"async\" class=\"alignnone wp-image-480 size-full\" src=\"https:\/\/cctunja.org.co\/boyacacompite\/wp-content\/uploads\/2020\/06\/banner-conozcanos.png\" alt=\"\" width=\"1920\" height=\"692\" srcset=\"https:\/\/cctunja.org.co\/boyacacompite\/wp-content\/uploads\/2020\/06\/banner-conozcanos.png 1920w, https:\/\/cctunja.org.co\/boyacacompite\/wp-content\/uploads\/2020\/06\/banner-conozcanos-300x108.png 300w, https:\/\/cctunja.org.co\/boyacacompite\/wp-content\/uploads\/2020\/06\/banner-conozcanos-1024x369.png 1024w, https:\/\/cctunja.org.co\/boyacacompite\/wp-content\/uploads\/2020\/06\/banner-conozcanos-768x277.png 768w, https:\/\/cctunja.org.co\/boyacacompite\/wp-content\/uploads\/2020\/06\/banner-conozcanos-1536x554.png 1536w\" sizes=\"(max-width: 1920px) 100vw, 1920px\" \/><\/span><\/p><p style=\"text-align: left;\"><span style=\"font-size: 20px; color: #ff6600;\"><strong><span style=\"font-family: arial, helvetica, sans-serif;\">\u00bfQu\u00e9 es la Comisi\u00f3n Regional de Competitividad e Innovaci\u00f3n CRCI BOYAC\u00c1?<\/span><\/strong><\/span><\/p><p><span style=\"color: #000000;\"><span style=\"font-family: arial, helvetica, sans-serif;\">Somos la instancia encargada de la coordinaci\u00f3n y articulaci\u00f3n de las diferentes entidades e instituciones a nivel departamental y subregional que desarrollen actividades dirigidas a fortalecer competitividad e innovaci\u00f3n.<\/span><\/span><\/p><p><span style=\"color: #000000;\"><span style=\"font-family: arial, helvetica, sans-serif;\">As\u00ed mismo, la CRCI Boyac\u00e1 es un espacio para la cooperaci\u00f3n p\u00fablico, privada y academia a nivel departamental, orientada a la implementaci\u00f3n de la Agenda Departamental de Competitividad e Innovaci\u00f3n, Seg\u00fan lo indica el\u00a0 Decreto 1651 de 2019. Art.2.8.1.1.3 y desarrollamos los siguientes roles.<\/span><\/span><\/p><table style=\"border-collapse: collapse; width: 100%;\"><tbody><tr><td style=\"width: 58.7269%;\"><ul><li style=\"text-align: justify;\"><span style=\"font-family: arial, helvetica, sans-serif;\"><span style=\"color: #000000;\">Servimos de escenario de di\u00e1logo y socializaci\u00f3n de propuestas de pol\u00edticas regionales y nacionales dirigidas a fomentar la competitividad e innovaci\u00f3n.<\/span><\/span><\/li><\/ul><\/td><td style=\"width: 41.2731%;\"><span style=\"font-family: arial, helvetica, sans-serif;\"><span style=\"color: #000000;\"><img decoding=\"async\" class=\"wp-image-485 size-full aligncenter\" src=\"https:\/\/cctunja.org.co\/boyacacompite\/wp-content\/uploads\/2020\/06\/cuadro-uno.png\" alt=\"\" width=\"281\" height=\"152\" \/><\/span><\/span><\/td><\/tr><\/tbody><\/table><table style=\"border-collapse: collapse; width: 100%; height: 163px;\"><tbody><tr style=\"height: 163px;\"><td style=\"width: 58.7269%; height: 163px;\"><ul><li style=\"text-align: justify;\"><span style=\"font-family: arial, helvetica, sans-serif;\"><span style=\"color: #000000;\">Lideramos la elaboraci\u00f3n o la actualizaci\u00f3n de la Agenda Departamental de Competitividad e Innovaci\u00f3n, promoviendo la incorporaci\u00f3n de un enfoque subregional.<\/span><\/span><\/li><\/ul><\/td><td style=\"width: 41.2731%; height: 163px;\"><img decoding=\"async\" class=\"wp-image-486 size-full aligncenter\" src=\"https:\/\/cctunja.org.co\/boyacacompite\/wp-content\/uploads\/2020\/06\/cuadro-dos.png\" alt=\"\" width=\"281\" height=\"152\" \/><\/td><\/tr><\/tbody><\/table><table style=\"border-collapse: collapse; width: 100%; height: 181px;\"><tbody><tr style=\"height: 200px;\"><td style=\"width: 58.7269%; height: 181px;\"><ul><li style=\"text-align: justify;\"><span style=\"font-family: arial, helvetica, sans-serif;\"><span style=\"color: #000000;\">Coordinamos a las distintas instancias, as\u00ed como a las entidades p\u00fablicas y privadas del Departamento, alrededor de la formulaci\u00f3n e implementaci\u00f3n de los programas, proyectos e iniciativas definidas en la Agenda Departamental de Competitividad e Innovaci\u00f3n.<\/span><\/span><\/li><\/ul><\/td><td style=\"width: 41.2731%; height: 181px;\"><img loading=\"lazy\" decoding=\"async\" class=\"wp-image-487 size-full aligncenter\" src=\"https:\/\/cctunja.org.co\/boyacacompite\/wp-content\/uploads\/2020\/06\/cuadro-tres.png\" alt=\"\" width=\"281\" height=\"152\" \/><\/td><\/tr><\/tbody><\/table><table style=\"border-collapse: collapse; width: 100%;\"><tbody><tr><td style=\"width: 58.7613%;\"><ul><li style=\"text-align: justify;\"><span style=\"font-family: arial, helvetica, sans-serif;\"><span style=\"color: #000000;\">Promovemos la articulaci\u00f3n de los proyectos, programas e iniciativas de la Agenda Departamental de Competitividad e Innovaci\u00f3n con el Plan Nacional de Desarrollo, la Agenda Nacional de Competitividad e Innovaci\u00f3n, Planes Desarrollo Territorial, los Planes y Acuerdos Estrat\u00e9gicos Departamentales en Tecnolog\u00eda e Innovaci\u00f3n (PAED), el Plan Estrat\u00e9gico de Ciencia, Tecnolog\u00eda e Innovaci\u00f3n del Sector Agropecuario (PECTIA) y dem\u00e1s planes o agendas sectoriales y sub regionales para la competitividad y la innovaci\u00f3n.<\/span><\/span><\/li><\/ul><\/td><td style=\"width: 41.2387%;\"><img loading=\"lazy\" decoding=\"async\" class=\"wp-image-488 size-full aligncenter\" src=\"https:\/\/cctunja.org.co\/boyacacompite\/wp-content\/uploads\/2020\/06\/cuadro-cuatro.png\" alt=\"\" width=\"281\" height=\"152\" \/><\/td><\/tr><\/tbody><\/table><table style=\"border-collapse: collapse; width: 100%;\"><tbody><tr><td style=\"width: 58.7136%;\"><ul><li style=\"text-align: justify;\"><span style=\"font-family: arial, helvetica, sans-serif;\"><span style=\"color: #000000;\">Definimos las instancias a nivel departamental que se articulan para la formulaci\u00f3n, implementaci\u00f3n y seguimiento de la Agenda Departamental de Competitividad e Innovaci\u00f3n en el marco del SNCI.<\/span><\/span><\/li><\/ul><\/td><td style=\"width: 41.2864%;\"><img loading=\"lazy\" decoding=\"async\" class=\"wp-image-502 size-full aligncenter\" src=\"https:\/\/cctunja.org.co\/boyacacompite\/wp-content\/uploads\/2020\/06\/cuadro-cinco.png\" alt=\"\" width=\"281\" height=\"152\" \/><\/td><\/tr><\/tbody><\/table><table style=\"border-collapse: collapse; width: 100%;\"><tbody><tr><td style=\"width: 58.7136%;\"><ul><li style=\"text-align: justify;\"><span style=\"font-family: arial, helvetica, sans-serif;\"><span style=\"color: #000000;\">Servimos de escenario para el di\u00e1logo y an\u00e1lisis acerca del desempe\u00f1o del Departamento en los indicadores subnacionales en materia de competitividad e innovaci\u00f3n; as\u00ed como para la socializaci\u00f3n de los avances de la Agenda Departamental de Competitividad e Innovaci\u00f3n.<\/span><\/span><\/li><\/ul><\/td><td style=\"width: 41.2864%;\"><img loading=\"lazy\" decoding=\"async\" class=\"wp-image-506 size-full aligncenter\" src=\"https:\/\/cctunja.org.co\/boyacacompite\/wp-content\/uploads\/2020\/06\/cuadro-seis.png\" alt=\"\" width=\"281\" height=\"152\" \/><\/td><\/tr><\/tbody><\/table><table style=\"border-collapse: collapse; width: 100%;\"><tbody><tr><td style=\"width: 58.7136%;\"><ul><li style=\"text-align: justify;\"><span style=\"font-family: arial, helvetica, sans-serif;\"><span style=\"color: #000000;\">Promovemos la articulaci\u00f3n de las necesidades departamentales en materia de competitividad e innovaci\u00f3n con la oferta de instrumentos del Gobierno nacional y entidades y organizaciones territoriales para estos fines.<\/span><\/span><\/li><\/ul><\/td><td style=\"width: 41.2864%;\"><img loading=\"lazy\" decoding=\"async\" class=\"wp-image-508 size-full aligncenter\" src=\"https:\/\/cctunja.org.co\/boyacacompite\/wp-content\/uploads\/2020\/06\/cuadro-siete.png\" alt=\"\" width=\"281\" height=\"152\" \/><\/td><\/tr><\/tbody><\/table><table style=\"border-collapse: collapse; width: 100%;\"><tbody><tr><td style=\"width: 58.8163%;\"><ul style=\"text-align: justify;\"><li style=\"text-align: justify;\"><span style=\"font-family: arial, helvetica, sans-serif;\"><span style=\"color: #000000;\">Promovemos la concurrencia de la visi\u00f3n regional con las herramientas de planificaci\u00f3n del Departamento, as\u00ed como su actualizaci\u00f3n cuando sea requerido.<\/span><\/span><\/li><\/ul><\/td><td style=\"width: 41.1837%;\"><img loading=\"lazy\" decoding=\"async\" class=\"wp-image-509 size-full aligncenter\" src=\"https:\/\/cctunja.org.co\/boyacacompite\/wp-content\/uploads\/2020\/06\/cuadro-ocho.png\" alt=\"\" width=\"281\" height=\"152\" \/><\/td><\/tr><\/tbody><\/table><p><span style=\"color: #ff6600;\"><strong style=\"font-size: 20px;\"><span style=\"font-family: arial, helvetica, sans-serif;\">\u00bfCu\u00e1l es la normatividad de la\u00a0 CRCI BOYAC\u00c1?<\/span><\/strong><\/span><\/p><p style=\"text-align: justify;\"><span style=\"font-family: arial, helvetica, sans-serif; color: #000000;\">El decreto 2873 de 2007 Emanado por la Gobernaci\u00f3n Departamental por el cual se crea la Comisi\u00f3n Regional de Competitividad en el Departamento, el CONPES 3439 y 3484 y ajustados a los requerimientos de competitividad del CONPES 3527 y alineado a la pol\u00edtica nacional de desarrollo productivo CONPES 3866\/2016 y el Plan de Desarrollo Departamental \u201cCreemos En Boyac\u00e1, Tierra De Paz Y Libertad 2016-2019\u201d<\/span><span style=\"font-family: arial, helvetica, sans-serif; color: #000000;\">El Plan Nacional de Desarrollo 2018 \u2013 2022 \u201cPacto Por Colombia Pacto Por La Equidad\u201d en su Decreto 1651 del 11 de Septiembre de 2019 \u00a0Por el cual se adiciona el titulo 8 a la Parte 1 del Libro 2 del Decreto 1081 de 2015, Decreto Reglamentario \u00danico Para Establecer la Organizaci\u00f3n y Funcionamiento del Sistema Nacional de Competitividad e Innovaci\u00f3n\u00bb y el Plan de Desarrollo Departamental \u201cPacto Social Por Boyac\u00e1 Tierra Que Sigue Avanzando 2020-2023\u201d<\/span><\/p>\t\t\t\t\t\t<\/div>\n\t\t\t\t<\/div>\n\t\t\t\t\t<\/div>\n\t\t<\/div>\n\t\t\t\t\t\t\t<\/div>\n\t\t<\/section>\n\t\t\t\t\t\t\t<\/div>\n\t\t","protected":false},"excerpt":{"rendered":"<p>CON\u00d3ZCANOS \u00bfQu\u00e9 es la Comisi\u00f3n Regional de Competitividad e Innovaci\u00f3n CRCI BOYAC\u00c1? Somos la instancia encargada de la coordinaci\u00f3n y articulaci\u00f3n de las diferentes entidades [&hellip;]<\/p>\n","protected":false},"author":1,"featured_media":0,"parent":0,"menu_order":0,"comment_status":"closed","ping_status":"closed","template":"elementor_header_footer","meta":{"footnotes":""},"_links":{"self":[{"href":"https:\/\/cctunja.org.co\/boyacacompite\/wp-json\/wp\/v2\/pages\/60"}],"collection":[{"href":"https:\/\/cctunja.org.co\/boyacacompite\/wp-json\/wp\/v2\/pages"}],"about":[{"href":"https:\/\/cctunja.org.co\/boyacacompite\/wp-json\/wp\/v2\/types\/page"}],"author":[{"embeddable":true,"href":"https:\/\/cctunja.org.co\/boyacacompite\/wp-json\/wp\/v2\/users\/1"}],"replies":[{"embeddable":true,"href":"https:\/\/cctunja.org.co\/boyacacompite\/wp-json\/wp\/v2\/comments?post=60"}],"version-history":[{"count":21,"href":"https:\/\/cctunja.org.co\/boyacacompite\/wp-json\/wp\/v2\/pages\/60\/revisions"}],"predecessor-version":[{"id":1326,"href":"https:\/\/cctunja.org.co\/boyacacompite\/wp-json\/wp\/v2\/pages\/60\/revisions\/1326"}],"wp:attachment":[{"href":"https:\/\/cctunja.org.co\/boyacacompite\/wp-json\/wp\/v2\/media?parent=60"}],"curies":[{"name":"wp","href":"https:\/\/api.w.org\/{rel}","templated":true}]}}