{"id":253,"date":"2020-06-12T22:22:46","date_gmt":"2020-06-12T22:22:46","guid":{"rendered":"https:\/\/cctunja.org.co\/boyacacompite\/?page_id=253"},"modified":"2023-01-03T13:42:35","modified_gmt":"2023-01-03T13:42:35","slug":"perfiles-economicos","status":"publish","type":"page","link":"https:\/\/cctunja.org.co\/boyacacompite\/perfiles-economicos\/","title":{"rendered":"PERFILES ECON\u00d3MICOS"},"content":{"rendered":"<p><img decoding=\"async\" class=\"size-medium wp-image-1536 aligncenter\" src=\"https:\/\/cctunja.org.co\/boyacacompite\/wp-content\/uploads\/2023\/01\/logo_pe-300x115.png\" alt=\"\" width=\"300\" height=\"115\" srcset=\"https:\/\/cctunja.org.co\/boyacacompite\/wp-content\/uploads\/2023\/01\/logo_pe-300x115.png 300w, https:\/\/cctunja.org.co\/boyacacompite\/wp-content\/uploads\/2023\/01\/logo_pe-230x89.png 230w, https:\/\/cctunja.org.co\/boyacacompite\/wp-content\/uploads\/2023\/01\/logo_pe.png 304w\" sizes=\"(max-width: 300px) 100vw, 300px\" \/><\/p>\n<p><img decoding=\"async\" class=\" wp-image-1537 aligncenter\" src=\"https:\/\/cctunja.org.co\/boyacacompite\/wp-content\/uploads\/2023\/01\/descarga-13-300x55.jpg\" alt=\"\" width=\"393\" height=\"72\" srcset=\"https:\/\/cctunja.org.co\/boyacacompite\/wp-content\/uploads\/2023\/01\/descarga-13-300x55.jpg 300w, https:\/\/cctunja.org.co\/boyacacompite\/wp-content\/uploads\/2023\/01\/descarga-13-230x42.jpg 230w, https:\/\/cctunja.org.co\/boyacacompite\/wp-content\/uploads\/2023\/01\/descarga-13-350x64.jpg 350w, https:\/\/cctunja.org.co\/boyacacompite\/wp-content\/uploads\/2023\/01\/descarga-13-480x88.jpg 480w, https:\/\/cctunja.org.co\/boyacacompite\/wp-content\/uploads\/2023\/01\/descarga-13.jpg 521w\" sizes=\"(max-width: 393px) 100vw, 393px\" \/><\/p>\n<p style=\"text-align: justify;\"><span style=\"font-family: arial, helvetica, sans-serif; color: #000000;\">La Comisi\u00f3n Regional de Competitividad e Innovaci\u00f3n de Boyac\u00e1 presenta el Perfil Econ\u00f3mico de la Regi\u00f3n Centro Oriente y del Departamento de Boyac\u00e1 Informaci\u00f3n elaborada y actualizada por el Ministerio de Comercio Industria y Turismo, sirven para determinar las fortalezas y debilidades de una localidad e identificar un conjunto de acciones que permitan potenciar el desarrollo econ\u00f3mico.<\/span><\/p>\n<p><a href=\"https:\/\/cctunja.org.co\/boyacacompite\/wp-content\/uploads\/2023\/01\/OEE-YC-DV-Perfil-Regional-Centro-Oriente-26dic22.pdf\">OEE-YC-DV-Perfil-Regional-Centro-Oriente-26dic22<\/a><\/p>\n<p><a href=\"https:\/\/cctunja.org.co\/boyacacompite\/wp-content\/uploads\/2023\/01\/OEE-MA-Perfil-Departamental-Boyaca-26dic22.pdf\">OEE-MA-Perfil-Departamental-Boyaca-26dic22<\/a><\/p>\n<p>&nbsp;<\/p>\n","protected":false},"excerpt":{"rendered":"<p>La Comisi\u00f3n Regional de Competitividad e Innovaci\u00f3n de Boyac\u00e1 presenta el Perfil Econ\u00f3mico de la Regi\u00f3n Centro Oriente y del Departamento de Boyac\u00e1 Informaci\u00f3n elaborada [&hellip;]<\/p>\n","protected":false},"author":2,"featured_media":0,"parent":0,"menu_order":0,"comment_status":"closed","ping_status":"closed","template":"","meta":{"footnotes":""},"_links":{"self":[{"href":"https:\/\/cctunja.org.co\/boyacacompite\/wp-json\/wp\/v2\/pages\/253"}],"collection":[{"href":"https:\/\/cctunja.org.co\/boyacacompite\/wp-json\/wp\/v2\/pages"}],"about":[{"href":"https:\/\/cctunja.org.co\/boyacacompite\/wp-json\/wp\/v2\/types\/page"}],"author":[{"embeddable":true,"href":"https:\/\/cctunja.org.co\/boyacacompite\/wp-json\/wp\/v2\/users\/2"}],"replies":[{"embeddable":true,"href":"https:\/\/cctunja.org.co\/boyacacompite\/wp-json\/wp\/v2\/comments?post=253"}],"version-history":[{"count":29,"href":"https:\/\/cctunja.org.co\/boyacacompite\/wp-json\/wp\/v2\/pages\/253\/revisions"}],"predecessor-version":[{"id":1541,"href":"https:\/\/cctunja.org.co\/boyacacompite\/wp-json\/wp\/v2\/pages\/253\/revisions\/1541"}],"wp:attachment":[{"href":"https:\/\/cctunja.org.co\/boyacacompite\/wp-json\/wp\/v2\/media?parent=253"}],"curies":[{"name":"wp","href":"https:\/\/api.w.org\/{rel}","templated":true}]}}