{"id":179,"date":"2020-06-11T14:38:04","date_gmt":"2020-06-11T14:38:04","guid":{"rendered":"https:\/\/cctunja.org.co\/boyacacompite\/?page_id=179"},"modified":"2022-01-14T22:39:05","modified_gmt":"2022-01-14T22:39:05","slug":"informacion-y-documentacion-crci-boyaca","status":"publish","type":"page","link":"https:\/\/cctunja.org.co\/boyacacompite\/informacion-y-documentacion-crci-boyaca\/","title":{"rendered":"INFORMACI\u00d3N Y DOCUMENTACI\u00d3N CRCI BOYAC\u00c1"},"content":{"rendered":"\t\t<div data-elementor-type=\"wp-page\" data-elementor-id=\"179\" class=\"elementor elementor-179\">\n\t\t\t\t\t\t\t\t\t<section class=\"elementor-section elementor-top-section elementor-element elementor-element-32827a0f elementor-section-boxed elementor-section-height-default elementor-section-height-default\" data-id=\"32827a0f\" data-element_type=\"section\">\n\t\t\t\t\t\t<div class=\"elementor-container elementor-column-gap-default\">\n\t\t\t\t\t<div class=\"elementor-column elementor-col-100 elementor-top-column elementor-element elementor-element-1bb4b15c\" data-id=\"1bb4b15c\" data-element_type=\"column\">\n\t\t\t<div class=\"elementor-widget-wrap elementor-element-populated\">\n\t\t\t\t\t\t\t\t<div class=\"elementor-element elementor-element-11145fa3 elementor-widget elementor-widget-text-editor\" data-id=\"11145fa3\" data-element_type=\"widget\" data-widget_type=\"text-editor.default\">\n\t\t\t\t<div class=\"elementor-widget-container\">\n\t\t\t\t\t\t\t<p style=\"text-align: center;\"><span style=\"font-size: 20px; color: #000000;\">INFORMACI\u00d3N Y DOCUMENTACI\u00d3N CRCI BOYAC\u00c1<\/span><\/p><p><img fetchpriority=\"high\" decoding=\"async\" class=\" wp-image-180 aligncenter\" src=\"https:\/\/cctunja.org.co\/boyacacompite\/wp-content\/uploads\/2020\/06\/normatividad-300x131.jpg\" alt=\"\" width=\"339\" height=\"148\" srcset=\"https:\/\/cctunja.org.co\/boyacacompite\/wp-content\/uploads\/2020\/06\/normatividad-300x131.jpg 300w, https:\/\/cctunja.org.co\/boyacacompite\/wp-content\/uploads\/2020\/06\/normatividad.jpg 340w\" sizes=\"(max-width: 339px) 100vw, 339px\" \/><\/p><p><span style=\"color: #000000;\"><br \/>Se presenta la informaci\u00f3n actualizada del departamento, el municipio de Tunja \u00a0y las Regiones \u00a0en todo lo que gire en torno a ciencia tecnolog\u00eda e innovaci\u00f3n, boletines informativos, eventos pertinentes y normatividad vigente.Plan de Desarrollo Nacional \u201cPacto Por Colombia Pacto Por la Equidad\u201d<\/span><\/p><p><span style=\"color: #000000;\">Decreto 1651 de Septiembre de 2019Plan de Desarrollo Departamental \u201cPacto Social Por Boyac\u00e1 Tierra Que Sigue Avanzando 2020-2023\u201d<\/span><\/p><p><span style=\"color: #000000;\">Plan De Desarrollo Municipio de Tunja \u201cTunja La Capital Que Nos Une\u201d<\/span><\/p><p><span style=\"color: #000000;\">CONPES 3866\/2016<\/span><\/p><p><span style=\"color: #000000;\">Plan De Desarrollo Departamental \u201cCreemos En Boyac\u00e1, Tierra De Paz Y Libertad &#8211; 2016-2019\u201d<\/span><\/p><p><span style=\"color: #000000;\">Decreto 2873 de 2007 Gobernaci\u00f3n de Boyac\u00e1<\/span><\/p>\t\t\t\t\t\t<\/div>\n\t\t\t\t<\/div>\n\t\t\t\t\t<\/div>\n\t\t<\/div>\n\t\t\t\t\t\t\t<\/div>\n\t\t<\/section>\n\t\t\t\t\t\t\t<\/div>\n\t\t","protected":false},"excerpt":{"rendered":"<p>INFORMACI\u00d3N Y DOCUMENTACI\u00d3N CRCI BOYAC\u00c1 Se presenta la informaci\u00f3n actualizada del departamento, el municipio de Tunja \u00a0y las Regiones \u00a0en todo lo que gire en [&hellip;]<\/p>\n","protected":false},"author":2,"featured_media":0,"parent":0,"menu_order":0,"comment_status":"closed","ping_status":"closed","template":"elementor_header_footer","meta":{"footnotes":""},"_links":{"self":[{"href":"https:\/\/cctunja.org.co\/boyacacompite\/wp-json\/wp\/v2\/pages\/179"}],"collection":[{"href":"https:\/\/cctunja.org.co\/boyacacompite\/wp-json\/wp\/v2\/pages"}],"about":[{"href":"https:\/\/cctunja.org.co\/boyacacompite\/wp-json\/wp\/v2\/types\/page"}],"author":[{"embeddable":true,"href":"https:\/\/cctunja.org.co\/boyacacompite\/wp-json\/wp\/v2\/users\/2"}],"replies":[{"embeddable":true,"href":"https:\/\/cctunja.org.co\/boyacacompite\/wp-json\/wp\/v2\/comments?post=179"}],"version-history":[{"count":14,"href":"https:\/\/cctunja.org.co\/boyacacompite\/wp-json\/wp\/v2\/pages\/179\/revisions"}],"predecessor-version":[{"id":1387,"href":"https:\/\/cctunja.org.co\/boyacacompite\/wp-json\/wp\/v2\/pages\/179\/revisions\/1387"}],"wp:attachment":[{"href":"https:\/\/cctunja.org.co\/boyacacompite\/wp-json\/wp\/v2\/media?parent=179"}],"curies":[{"name":"wp","href":"https:\/\/api.w.org\/{rel}","templated":true}]}}