{"id":174,"date":"2020-06-10T23:11:20","date_gmt":"2020-06-10T23:11:20","guid":{"rendered":"https:\/\/cctunja.org.co\/boyacacompite\/?page_id=174"},"modified":"2022-01-14T22:22:39","modified_gmt":"2022-01-14T22:22:39","slug":"sistema-nacional-de-competitividad-e-innovacion","status":"publish","type":"page","link":"https:\/\/cctunja.org.co\/boyacacompite\/sistema-nacional-de-competitividad-e-innovacion\/","title":{"rendered":"SISTEMA NACIONAL DE COMPETITIVIDAD E INNOVACI\u00d3N"},"content":{"rendered":"\t\t<div data-elementor-type=\"wp-page\" data-elementor-id=\"174\" class=\"elementor elementor-174\">\n\t\t\t\t\t\t\t\t\t<section class=\"elementor-section elementor-top-section elementor-element elementor-element-37a84507 elementor-section-boxed elementor-section-height-default elementor-section-height-default\" data-id=\"37a84507\" data-element_type=\"section\">\n\t\t\t\t\t\t<div class=\"elementor-container elementor-column-gap-default\">\n\t\t\t\t\t<div class=\"elementor-column elementor-col-100 elementor-top-column elementor-element elementor-element-271483e9\" data-id=\"271483e9\" data-element_type=\"column\">\n\t\t\t<div class=\"elementor-widget-wrap elementor-element-populated\">\n\t\t\t\t\t\t\t\t<div class=\"elementor-element elementor-element-ee46cc6 elementor-widget elementor-widget-heading\" data-id=\"ee46cc6\" data-element_type=\"widget\" data-widget_type=\"heading.default\">\n\t\t\t\t<div class=\"elementor-widget-container\">\n\t\t\t<h2 class=\"elementor-heading-title elementor-size-default\">SISTEMA NACIONAL DE COMPETITIVIDAD E INNOVACI\u00d3N<\/h1><\/h2>\t\t<\/div>\n\t\t\t\t<\/div>\n\t\t\t\t<div class=\"elementor-element elementor-element-2a5b6686 elementor-widget elementor-widget-text-editor\" data-id=\"2a5b6686\" data-element_type=\"widget\" data-widget_type=\"text-editor.default\">\n\t\t\t\t<div class=\"elementor-widget-container\">\n\t\t\t\t\t\t\t<p style=\"text-align: justify;\"><span style=\"font-family: arial, helvetica, sans-serif; color: #000000;\"><span style=\"color: #333333; font-family: Georgia, 'Times New Roman', 'Bitstream Charter', Times, serif;\">Para Mas Informaci\u00f3n<\/span>El Sistema Nacional de Competitividad e Innovaci\u00f3n de que trata el artfculo 172 de la Ley 1955 2019, se encargar\u00e1 coordinar y orientar las actividades que realizan las instancias p\u00fablicas, privadas y acad\u00e9micas relacionadas con la formulaci\u00f3n, implementaci\u00f3n y seguimiento de las pol\u00edticas que promuevan la competitividad e innovaci\u00f3n del pa\u00eds bajo una visi\u00f3n de mediano y largo plazo, con el fin de promover el desarrollo econ\u00f3mico, la productividad y mejorar el bienestar de la poblaci\u00f3n.<\/span><br \/><span style=\"font-family: arial, helvetica, sans-serif; color: #000000;\">El Sistema Nacional Competitividad e Innovaci\u00f3n por medio de la Comisi\u00f3n Nacional de Competitividad e Innovaci\u00f3n articular\u00e1 los distintos sistemas, subsistemas e instancias que desarrollan actividades en materia de competitividad e innovaci\u00f3n.<\/span><\/p><p><a class=\"fasc-button fasc-size-medium fasc-type-flat fasc-ico-before dashicons-welcome-write-blog fasc-style-italic\" style=\"background-color: #33809e; color: #ffffff;\" href=\"https:\/\/www.mincit.gov.co\/prensa\/noticias\/industria\/gobierno-expide-decreto-1651-que-reglamenta-snci\">Nacional de Competitividad e Innovaci\u00f3n<\/a><\/p>\t\t\t\t\t\t<\/div>\n\t\t\t\t<\/div>\n\t\t\t\t\t<\/div>\n\t\t<\/div>\n\t\t\t\t\t\t\t<\/div>\n\t\t<\/section>\n\t\t\t\t\t\t\t<\/div>\n\t\t","protected":false},"excerpt":{"rendered":"<p>SISTEMA NACIONAL DE COMPETITIVIDAD E INNOVACI\u00d3N Para Mas Informaci\u00f3nEl Sistema Nacional de Competitividad e Innovaci\u00f3n de que trata el artfculo 172 de la Ley 1955 [&hellip;]<\/p>\n","protected":false},"author":2,"featured_media":0,"parent":0,"menu_order":0,"comment_status":"closed","ping_status":"closed","template":"elementor_header_footer","meta":{"footnotes":""},"_links":{"self":[{"href":"https:\/\/cctunja.org.co\/boyacacompite\/wp-json\/wp\/v2\/pages\/174"}],"collection":[{"href":"https:\/\/cctunja.org.co\/boyacacompite\/wp-json\/wp\/v2\/pages"}],"about":[{"href":"https:\/\/cctunja.org.co\/boyacacompite\/wp-json\/wp\/v2\/types\/page"}],"author":[{"embeddable":true,"href":"https:\/\/cctunja.org.co\/boyacacompite\/wp-json\/wp\/v2\/users\/2"}],"replies":[{"embeddable":true,"href":"https:\/\/cctunja.org.co\/boyacacompite\/wp-json\/wp\/v2\/comments?post=174"}],"version-history":[{"count":4,"href":"https:\/\/cctunja.org.co\/boyacacompite\/wp-json\/wp\/v2\/pages\/174\/revisions"}],"predecessor-version":[{"id":1319,"href":"https:\/\/cctunja.org.co\/boyacacompite\/wp-json\/wp\/v2\/pages\/174\/revisions\/1319"}],"wp:attachment":[{"href":"https:\/\/cctunja.org.co\/boyacacompite\/wp-json\/wp\/v2\/media?parent=174"}],"curies":[{"name":"wp","href":"https:\/\/api.w.org\/{rel}","templated":true}]}}