{"id":138,"date":"2020-06-10T21:29:01","date_gmt":"2020-06-10T21:29:01","guid":{"rendered":"https:\/\/cctunja.org.co\/boyacacompite\/?page_id=138"},"modified":"2022-01-20T19:19:19","modified_gmt":"2022-01-20T19:19:19","slug":"estructura","status":"publish","type":"page","link":"https:\/\/cctunja.org.co\/boyacacompite\/estructura\/","title":{"rendered":"ESTRUCTURA"},"content":{"rendered":"\t\t<div data-elementor-type=\"wp-page\" data-elementor-id=\"138\" class=\"elementor elementor-138\">\n\t\t\t\t\t\t\t\t\t<section class=\"elementor-section elementor-top-section elementor-element elementor-element-6202c0ba elementor-section-boxed elementor-section-height-default elementor-section-height-default\" data-id=\"6202c0ba\" data-element_type=\"section\">\n\t\t\t\t\t\t<div class=\"elementor-container elementor-column-gap-default\">\n\t\t\t\t\t<div class=\"elementor-column elementor-col-100 elementor-top-column elementor-element elementor-element-60161f80\" data-id=\"60161f80\" data-element_type=\"column\">\n\t\t\t<div class=\"elementor-widget-wrap elementor-element-populated\">\n\t\t\t\t\t\t\t\t<div class=\"elementor-element elementor-element-5d68f0b elementor-widget elementor-widget-heading\" data-id=\"5d68f0b\" data-element_type=\"widget\" data-widget_type=\"heading.default\">\n\t\t\t\t<div class=\"elementor-widget-container\">\n\t\t\t<h2 class=\"elementor-heading-title elementor-size-default\">Estructura<\/h2>\t\t<\/div>\n\t\t\t\t<\/div>\n\t\t\t\t<div class=\"elementor-element elementor-element-242e3cd9 elementor-widget elementor-widget-text-editor\" data-id=\"242e3cd9\" data-element_type=\"widget\" data-widget_type=\"text-editor.default\">\n\t\t\t\t<div class=\"elementor-widget-container\">\n\t\t\t\t\t\t\t<p style=\"text-align: justify;\"><span style=\"color: #000000; font-family: arial, helvetica, sans-serif;\">La Comisi\u00f3n Regional de Boyac\u00e1 est\u00e1 compuesta por representantes de los entes territoriales (gobernaci\u00f3n y\/o alcald\u00edas), empresarios, agremiaciones, academia, y dem\u00e1s actores de competitividad y productividad, que a su ves est\u00e1n encargados de concebir la estrategia regional de competitividad del departamento, velar por su ejecuci\u00f3n, hacerle seguimiento, y generar aprendizaje.<\/span><\/p><p style=\"text-align: justify;\"><strong><span style=\"color: #000000; font-family: arial, helvetica, sans-serif;\">Composici\u00f3n de la Asamblea General de la CRCI de Boyac\u00e1;\u00a0<\/span><\/strong><\/p><p style=\"text-align: justify;\"><span style=\"color: #000000; font-family: arial, helvetica, sans-serif;\">En concordancia con el articulo 2.1.8.3.2 del decreto 1081 de 2015, adicionado por el decreto 1651 de 2019 la CRCI de Boyac\u00e1 estar\u00e1 conformada por los siguientes miembros:<\/span><\/p><p style=\"text-align: justify;\"><span style=\"color: #000000; font-family: arial, helvetica, sans-serif;\">1 El Gobernador del departamento de Boyac\u00e1, quien lo presidir\u00e1.<\/span><\/p><p style=\"text-align: justify;\"><span style=\"color: #000000; font-family: arial, helvetica, sans-serif;\">2 Secretario (a) de planeaci\u00f3n departamental\u00a0<\/span><\/p><p style=\"text-align: justify;\"><span style=\"color: #000000; font-family: arial, helvetica, sans-serif;\">3 Secretario (a) de desarrollo economico departamental\u00a0<\/span><\/p><p style=\"text-align: justify;\"><span style=\"color: #000000; font-family: arial, helvetica, sans-serif;\">4 El alcalde de Tunja, capital del departamento de Boyac\u00e1\u00a0<\/span><\/p><p style=\"margin-bottom: 0,0000pt; margin-left: 21,3000pt; text-indent: -21,3000pt; text-align: justify; text-justify: inter-ideograph; line-height: 150%; mso-list: l0 level1 lfo1;\" align=\"justify\"><span style=\"color: #000000;\"><span style=\"font-family: Arial; mso-fareast-font-family: Calibri; font-size: 11,0000pt;\">5\u00a0<\/span><!--[endif]--><span style=\"mso-spacerun: 'yes'; font-family: Arial; mso-fareast-font-family: Calibri; font-size: 11,0000pt;\">Secretario de Desarrollo Municipal <\/span><\/span><\/p><p style=\"margin-bottom: 0,0000pt; margin-left: 21,3000pt; text-indent: -21,0000pt; line-height: 150%; mso-list: l0 level1 lfo1;\"><span style=\"color: #000000;\"><span style=\"font-family: Arial; mso-fareast-font-family: Calibri; font-size: 11,0000pt;\">6\u00a0<\/span><!--[endif]--><span style=\"mso-spacerun: 'yes'; font-family: Arial; mso-fareast-font-family: Calibri; font-size: 11,0000pt;\">Alcalde de la provincia de Sugamuxi, <\/span><\/span><\/p><p style=\"margin-bottom: 0,0000pt; margin-left: 21,3000pt; text-indent: -21,0000pt; line-height: 150%; mso-list: l0 level1 lfo1;\"><span style=\"font-family: Arial; color: #000000;\">7 Alcalde de la provincia de Tundama, <\/span><\/p><p style=\"margin-bottom: 0,0000pt; margin-left: 21,3000pt; text-indent: -21,0000pt; line-height: 150%; mso-list: l0 level1 lfo1;\"><span style=\"color: #000000;\"><span style=\"font-family: Arial; mso-fareast-font-family: Calibri; font-size: 11,0000pt;\">8\u00a0<\/span><!--[endif]--><span style=\"mso-spacerun: 'yes'; font-family: Arial; mso-fareast-font-family: Calibri; font-size: 11,0000pt;\">Alcalde de la provincia de Valderrama, <\/span><\/span><\/p><p style=\"margin-bottom: 0,0000pt; margin-left: 21,3000pt; text-indent: -21,0000pt; line-height: 150%; mso-list: l0 level1 lfo1;\"><span style=\"font-family: Arial; color: #000000;\">9 Alcalde de la provincia de Norte y Guti\u00e9rrez, <\/span><\/p><p style=\"margin-bottom: 0,0000pt; margin-left: 21,3000pt; text-indent: -21,0000pt; line-height: 150%; mso-list: l0 level1 lfo1;\"><span style=\"color: #000000;\"><span style=\"font-family: Arial; mso-fareast-font-family: Calibri; font-size: 11,0000pt;\">10\u00a0<\/span><!--[endif]--><span style=\"mso-spacerun: 'yes'; font-family: Arial; mso-fareast-font-family: Calibri; font-size: 11,0000pt;\">Alcalde de la provincia de Neira, <\/span><\/span><\/p><p style=\"margin-bottom: 0,0000pt; margin-left: 21,3000pt; text-indent: -21,0000pt; line-height: 150%; mso-list: l0 level1 lfo1;\"><span style=\"color: #000000;\"><span style=\"font-family: Arial; mso-fareast-font-family: Calibri; font-size: 11,0000pt;\">11\u00a0<\/span><!--[endif]--><span style=\"mso-spacerun: 'yes'; font-family: Arial; mso-fareast-font-family: Calibri; font-size: 11,0000pt;\">Alcalde de la provincia de Oriente, <\/span><\/span><\/p><p style=\"margin-bottom: 0,0000pt; margin-left: 21,3000pt; text-indent: -21,0000pt; line-height: 150%; mso-list: l0 level1 lfo1;\"><span style=\"color: #000000;\"><span style=\"font-family: Arial; mso-fareast-font-family: Calibri; font-size: 11,0000pt;\">12\u00a0<\/span><!--[endif]--><span style=\"mso-spacerun: 'yes'; font-family: Arial; mso-fareast-font-family: Calibri; font-size: 11,0000pt;\">Alcalde de la provincia de Lengupa, <\/span><\/span><\/p><p style=\"margin-bottom: 0,0000pt; margin-left: 21,3000pt; text-indent: -21,0000pt; line-height: 150%; mso-list: l0 level1 lfo1;\"><span style=\"color: #000000;\"><span style=\"font-family: Arial; mso-fareast-font-family: Calibri; font-size: 11,0000pt;\">13\u00a0<\/span><!--[endif]--><span style=\"mso-spacerun: 'yes'; font-family: Arial; mso-fareast-font-family: Calibri; font-size: 11,0000pt;\">Alcalde de la provincia de Ricaurte, <\/span><\/span><\/p><p style=\"margin-bottom: 0,0000pt; margin-left: 21,3000pt; text-indent: -21,0000pt; line-height: 150%; mso-list: l0 level1 lfo1;\"><span style=\"color: #000000;\"><!-- [if !supportLists]--><span style=\"font-family: Arial; mso-fareast-font-family: Calibri; font-size: 11,0000pt;\">14\u00a0<\/span><!--[endif]--><span style=\"mso-spacerun: 'yes'; font-family: Arial; mso-fareast-font-family: Calibri; font-size: 11,0000pt;\">Alcalde de la provincia de M\u00e1rquez <\/span><\/span><\/p><p style=\"margin-bottom: 0,0000pt; margin-left: 21,3000pt; text-indent: -21,3000pt; text-align: justify; text-justify: inter-ideograph; line-height: 150%; mso-list: l0 level1 lfo1;\" align=\"justify\"><span style=\"color: #000000;\"><!-- [if !supportLists]--><span style=\"font-family: Arial; mso-fareast-font-family: Calibri; font-size: 11,0000pt;\">15\u00a0<\/span><!--[endif]--><span style=\"mso-spacerun: 'yes'; font-family: Arial; mso-fareast-font-family: Calibri; font-size: 11,0000pt;\">Alcalde de la provincia de Occidente<\/span><\/span><\/p><p style=\"margin-bottom: 0,0000pt; margin-left: 21,3000pt; text-indent: -21,3000pt; text-align: justify; text-justify: inter-ideograph; line-height: 150%; mso-list: l0 level1 lfo1;\" align=\"justify\"><span style=\"color: #000000;\"><!-- [if !supportLists]--><span style=\"font-family: Arial; mso-fareast-font-family: Calibri; font-size: 11,0000pt;\">16\u00a0<\/span><!--[endif]--><span style=\"mso-spacerun: 'yes'; font-family: Arial; mso-fareast-font-family: Calibri; font-size: 11,0000pt;\">Alcalde de la provincia La Libertad<\/span><\/span><\/p><p style=\"margin-bottom: 0,0000pt; margin-left: 21,3000pt; text-indent: -21,3000pt; text-align: justify; text-justify: inter-ideograph; line-height: 150%; mso-list: l0 level1 lfo1;\" align=\"justify\"><span style=\"color: #000000;\"><!-- [if !supportLists]--><span style=\"font-family: Arial; mso-fareast-font-family: Calibri; font-size: 11,0000pt;\">17\u00a0<\/span><!--[endif]--><span style=\"mso-spacerun: 'yes'; font-family: Arial; mso-fareast-font-family: Calibri; font-size: 11,0000pt;\">Presidente Ejecutivo de la C\u00e1mara de Comercio de Tunja<\/span><\/span><\/p><p style=\"margin-bottom: 0,0000pt; margin-left: 21,3000pt; text-indent: -21,0000pt; text-align: justify; text-justify: inter-ideograph; line-height: 150%; mso-list: l0 level1 lfo1;\" align=\"justify\"><span style=\"color: #000000;\"><!-- [if !supportLists]--><span style=\"font-family: Arial; mso-fareast-font-family: Calibri; font-size: 11,0000pt;\">18\u00a0<\/span><!--[endif]--><span style=\"mso-spacerun: 'yes'; font-family: Arial; mso-fareast-font-family: Calibri; font-size: 11,0000pt;\">Presidente Ejecutivo de la C\u00e1mara de Comercio de Duitama <\/span><\/span><\/p><p style=\"margin-bottom: 0,0000pt; margin-left: 21,3000pt; text-indent: -21,0000pt; text-align: justify; text-justify: inter-ideograph; line-height: 150%; mso-list: l0 level1 lfo1;\" align=\"justify\"><span style=\"color: #000000;\"><!-- [if !supportLists]--><span style=\"font-family: Arial; mso-fareast-font-family: Calibri; font-size: 11,0000pt;\">19\u00a0<\/span><!--[endif]--><span style=\"mso-spacerun: 'yes'; font-family: Arial; mso-fareast-font-family: Calibri; font-size: 11,0000pt;\">Presidente Ejecutivo de la C\u00e1mara de Comercio de Sogamoso<\/span><\/span><\/p><p style=\"margin-left: 21,3000pt; text-indent: -21,0000pt; text-align: justify; text-justify: inter-ideograph; line-height: 150%; mso-list: l0 level1 lfo1;\" align=\"justify\"><span style=\"color: #000000;\"><span style=\"font-family: Arial; mso-fareast-font-family: Calibri; font-size: 11,0000pt;\">20\u00a0<\/span><!--[endif]--><span style=\"mso-spacerun: 'yes'; font-family: Arial; mso-fareast-font-family: Calibri; font-size: 11,0000pt;\">Director Regional del SENA<\/span><\/span><\/p><p style=\"margin-left: 21,3000pt; text-indent: -21,0000pt; text-align: justify; text-justify: inter-ideograph; mso-list: l0 level1 lfo1;\" align=\"justify\"><span style=\"color: #000000;\"><span style=\"font-family: Arial; mso-fareast-font-family: Calibri; font-size: 11,0000pt;\">21\u00a0<\/span><!--[endif]--><span style=\"mso-spacerun: 'yes'; font-family: Arial; mso-fareast-font-family: Calibri; font-size: 11,0000pt;\">Dos (2) rectores representantes de las universidades departamentales o nacionales con sedes regionales en el departamento de Boyac\u00e1 que integren la CRCI, designados por el CODES para periodos de 2 a\u00f1os que alternar\u00e1n con los dem\u00e1s representantes de las universidades que igualmente hagan parte de la CRCI.\u00a0Las universidades que tendr\u00e1n representantes en la CRCI ser\u00e1n seleccionadas por el CODES, previo an\u00e1lisis de tales actores. <\/span><span style=\"mso-spacerun: 'yes'; font-family: Arial; font-size: 11,0000pt;\">Deber\u00e1 designarse uno (1) delegado en representaci\u00f3n de la universidad p\u00fablica y uno (1) delegado en representaci\u00f3n de la universidad privada.<\/span><span style=\"mso-spacerun: 'yes'; font-family: Arial; mso-fareast-font-family: Calibri; font-size: 11,0000pt;\">\u00a0Al interior de la respectiva universidad, se designar\u00e1 el representante ante la CRCI, de conformidad con su reglamento interno. Estos representantes deber\u00e1n estar vinculados a dichas instituciones en el nivel directivo y su representaci\u00f3n ser\u00e1 indelegable.<\/span><\/span><\/p><p style=\"margin-left: 21,3000pt; text-align: justify; text-justify: inter-ideograph;\" align=\"justify\"><span style=\"color: #000000;\"><span style=\"mso-spacerun: 'yes'; font-family: Arial; mso-fareast-font-family: Calibri; font-size: 11,0000pt;\">\u00a0<\/span><span style=\"font-family: Arial;\">22\u00a0<\/span><span style=\"font-family: Arial;\">Dos (2) representantes de los gremios econ\u00f3micos y\/o asociaciones de productores de sectores estrat\u00e9gicos que hacen parte de la CRCI designados por el Comit\u00e9 Intergremial por un periodo de dos (2) a\u00f1os, prorrogables por el mismo t\u00e9rmino y por una sola vez. A falta del Comit\u00e9 intergremial har\u00e1 el nombramiento la secretar\u00eda t\u00e9cnica de la CRCI.<\/span><\/span><\/p><p style=\"margin-left: 21,3000pt; text-indent: -21,0000pt; text-align: justify; text-justify: inter-ideograph; line-height: 150%; mso-list: l0 level1 lfo1;\" align=\"justify\"><span style=\"color: #000000;\"><span style=\"font-family: Arial; mso-fareast-font-family: Calibri; font-size: 11,0000pt;\">23\u00a0<\/span><!--[endif]--><span style=\"mso-spacerun: 'yes'; font-family: Arial; mso-fareast-font-family: Calibri; font-size: 11,0000pt;\">Un (1) Representante del Consejo Territorial de Planeaci\u00f3n<\/span><\/span><\/p><p style=\"margin-left: 21,3000pt; text-indent: -21,0000pt; text-align: justify; text-justify: inter-ideograph; line-height: 150%; mso-list: l0 level1 lfo1;\" align=\"justify\"><span style=\"color: #000000;\"><span style=\"font-family: Arial; mso-fareast-font-family: Calibri; font-size: 11,0000pt;\">24\u00a0<\/span><!--[endif]--><span style=\"mso-spacerun: 'yes'; font-family: Arial; mso-fareast-font-family: Calibri; font-size: 11,0000pt;\">Un (1) Representante del CODECTI<\/span><\/span><\/p><p style=\"margin-left: 21,3000pt; text-indent: -21,0000pt; text-align: justify; text-justify: inter-ideograph; line-height: 150%; mso-list: l0 level1 lfo1;\" align=\"justify\"><span style=\"color: #000000;\"><span style=\"font-family: Arial; mso-fareast-font-family: Calibri; font-size: 11,0000pt;\">25\u00a0<\/span><!--[endif]--><span style=\"mso-spacerun: 'yes'; font-family: Arial; mso-fareast-font-family: Calibri; font-size: 11,0000pt;\">Un (1) Representante del CUEE<\/span><\/span><\/p><p style=\"margin-left: 21,3000pt; text-indent: -21,0000pt; text-align: justify; text-justify: inter-ideograph; line-height: 150%; mso-list: l0 level1 lfo1;\" align=\"justify\"><span style=\"color: #000000;\"><span style=\"font-family: Arial; mso-fareast-font-family: Calibri; font-size: 11,0000pt;\">26\u00a0<\/span><!--[endif]--><span style=\"mso-spacerun: 'yes'; font-family: Arial; mso-fareast-font-family: Calibri; font-size: 11,0000pt;\">Un (1) Representante del CONSEA<\/span><\/span><\/p><p style=\"margin-left: 21,3000pt; text-indent: -21,0000pt; text-align: justify; text-justify: inter-ideograph; line-height: 150%; mso-list: l0 level1 lfo1;\" align=\"justify\"><span style=\"color: #000000;\"><span style=\"font-family: Arial; mso-fareast-font-family: Calibri; font-size: 11,0000pt;\">27\u00a0<\/span><!--[endif]--><span style=\"mso-spacerun: 'yes'; font-family: Arial; mso-fareast-font-family: Calibri; font-size: 11,0000pt;\">Un (1) Representante del CREPIB<\/span><\/span><\/p><p style=\"margin-left: 21,3000pt; text-indent: -21,0000pt; text-align: justify; text-justify: inter-ideograph; line-height: 150%; mso-list: l0 level1 lfo1;\" align=\"justify\"><span style=\"color: #000000;\"><span style=\"font-family: Arial; mso-fareast-font-family: Calibri; font-size: 11,0000pt;\">28\u00a0<\/span><!--[endif]--><span style=\"mso-spacerun: 'yes'; font-family: Arial; mso-fareast-font-family: Calibri; font-size: 11,0000pt;\">Un (1) Representante del Red de emprendimiento<\/span><\/span><\/p><p style=\"margin-left: 21,3000pt; text-indent: -21,0000pt; text-align: justify; text-justify: inter-ideograph; line-height: 150%; mso-list: l0 level1 lfo1;\" align=\"justify\"><span style=\"color: #000000;\"><span style=\"font-family: Arial; mso-fareast-font-family: Calibri; font-size: 11,0000pt;\">29\u00a0<\/span><!--[endif]--><span style=\"mso-spacerun: 'yes'; font-family: Arial; mso-fareast-font-family: Calibri; font-size: 11,0000pt;\">Un (1) Representante del ADEL Los Dinosaurios<\/span><\/span><\/p><p style=\"margin-left: 21,3000pt; text-indent: -21,0000pt; text-align: justify; text-justify: inter-ideograph; line-height: 150%; mso-list: l0 level1 lfo1;\" align=\"justify\"><span style=\"color: #000000;\"><span style=\"font-family: Arial; mso-fareast-font-family: Calibri; font-size: 11,0000pt;\">30\u00a0<\/span><!--[endif]--><span style=\"mso-spacerun: 'yes'; font-family: Arial; mso-fareast-font-family: Calibri; font-size: 11,0000pt;\">Un (1) Representante del ADEL FINSUCA<\/span><\/span><\/p><p style=\"margin-left: 21,3000pt; text-indent: -21,0000pt; text-align: justify; text-justify: inter-ideograph; line-height: 150%; mso-list: l0 level1 lfo1;\" align=\"justify\"><span style=\"color: #000000;\"><span style=\"font-family: Arial; mso-fareast-font-family: Calibri; font-size: 11,0000pt;\">31\u00a0<\/span><!--[endif]--><span style=\"mso-spacerun: 'yes'; font-family: Arial; mso-fareast-font-family: Calibri; font-size: 11,0000pt;\">Un (1) Representante del GAL Valletenzano ADEL<\/span><\/span><\/p><p><span style=\"font-family: Arial; color: #000000;\">32 Un (1) Representante de la RAPE<\/span><\/p><p style=\"text-align: justify;\"><span style=\"color: #000000; font-family: arial, helvetica, sans-serif;\"><strong>COMIT\u00c9 EJECUTIVO; <\/strong>El comit\u00e9 ejecutivo es la instancia de decisi\u00f3n y articulaci\u00f3n de la CRCI de Boyac\u00e1 para la formulaci\u00f3n, concertaci\u00f3n, implementaci\u00f3n\u00a0 y seguimiento de la Agenda Departamental de Competitividad e Innovaci\u00f3n y esta conformado por:\u00a0<\/span><\/p><p style=\"text-align: justify;\"><span style=\"color: #000000;\"><span style=\"font-family: arial, helvetica, sans-serif;\">\u00a0<\/span><span style=\"font-family: Arial;\">1. El Gobernador del Departamento, o su delegado.<\/span><\/span><\/p><p style=\"margin-bottom: 0,4500pt; text-align: justify; text-justify: inter-ideograph;\" align=\"justify\"><span style=\"font-family: Arial; color: #000000;\">2. El Alcalde del municipio o distrito capital del Departamento, o su delegado.<\/span><\/p><p style=\"text-align: justify; text-justify: inter-ideograph;\" align=\"justify\"><span style=\"font-family: Arial; color: #000000;\">3. El Presidente Ejecutivo la C\u00e1mara Comercio con jurisdicci\u00f3n en el municipio o distrito capital del respectivo Departamento.<\/span><\/p><p style=\"text-align: justify; text-justify: inter-ideograph;\" align=\"justify\"><span style=\"font-family: Arial; color: #000000;\">4. El Director Regional del SENA.<\/span><\/p><p style=\"text-align: justify; text-justify: inter-ideograph;\" align=\"justify\"><span style=\"font-family: Arial; color: #000000;\">5. Dos (2) rectores representantes de las universidades departamentales o nacionales con sedes regionales en el Departamento, uno (1) por la Universidad p\u00fablica y uno (1) de la Universidad Privada.<\/span><\/p><p style=\"text-align: justify; text-justify: inter-ideograph;\" align=\"justify\"><span style=\"font-family: Arial; color: #000000;\">6. Dos (2) representantes los gremios econ\u00f3micos o de las asociaciones de productores de estrat\u00e9gicos, designados por el Comit\u00e9 Intergremial o la instancia que haga sus veces en los casos en que exista tal institucionalidad.\u00a0<\/span><\/p><p style=\"text-align: justify;\"><span style=\"color: #000000;\"><span style=\"font-family: arial, helvetica, sans-serif;\">\u00a0<\/span><\/span><\/p>\t\t\t\t\t\t<\/div>\n\t\t\t\t<\/div>\n\t\t\t\t\t<\/div>\n\t\t<\/div>\n\t\t\t\t\t\t\t<\/div>\n\t\t<\/section>\n\t\t\t\t\t\t\t<\/div>\n\t\t","protected":false},"excerpt":{"rendered":"<p>Estructura La Comisi\u00f3n Regional de Boyac\u00e1 est\u00e1 compuesta por representantes de los entes territoriales (gobernaci\u00f3n y\/o alcald\u00edas), empresarios, agremiaciones, academia, y dem\u00e1s actores de competitividad [&hellip;]<\/p>\n","protected":false},"author":2,"featured_media":0,"parent":0,"menu_order":0,"comment_status":"closed","ping_status":"closed","template":"elementor_header_footer","meta":{"footnotes":""},"_links":{"self":[{"href":"https:\/\/cctunja.org.co\/boyacacompite\/wp-json\/wp\/v2\/pages\/138"}],"collection":[{"href":"https:\/\/cctunja.org.co\/boyacacompite\/wp-json\/wp\/v2\/pages"}],"about":[{"href":"https:\/\/cctunja.org.co\/boyacacompite\/wp-json\/wp\/v2\/types\/page"}],"author":[{"embeddable":true,"href":"https:\/\/cctunja.org.co\/boyacacompite\/wp-json\/wp\/v2\/users\/2"}],"replies":[{"embeddable":true,"href":"https:\/\/cctunja.org.co\/boyacacompite\/wp-json\/wp\/v2\/comments?post=138"}],"version-history":[{"count":19,"href":"https:\/\/cctunja.org.co\/boyacacompite\/wp-json\/wp\/v2\/pages\/138\/revisions"}],"predecessor-version":[{"id":1386,"href":"https:\/\/cctunja.org.co\/boyacacompite\/wp-json\/wp\/v2\/pages\/138\/revisions\/1386"}],"wp:attachment":[{"href":"https:\/\/cctunja.org.co\/boyacacompite\/wp-json\/wp\/v2\/media?parent=138"}],"curies":[{"name":"wp","href":"https:\/\/api.w.org\/{rel}","templated":true}]}}