{"id":107,"date":"2020-06-10T13:59:53","date_gmt":"2020-06-10T13:59:53","guid":{"rendered":"https:\/\/cctunja.org.co\/boyacacompite\/?page_id=107"},"modified":"2022-01-20T16:26:46","modified_gmt":"2022-01-20T16:26:46","slug":"resena-crci-boyaca","status":"publish","type":"page","link":"https:\/\/cctunja.org.co\/boyacacompite\/resena-crci-boyaca\/","title":{"rendered":"HISTORIA DE LA CRCI BOYAC\u00c1"},"content":{"rendered":"\t\t<div data-elementor-type=\"wp-page\" data-elementor-id=\"107\" class=\"elementor elementor-107\">\n\t\t\t\t\t\t\t\t\t<section class=\"elementor-section elementor-top-section elementor-element elementor-element-4f50225 elementor-section-boxed elementor-section-height-default elementor-section-height-default\" data-id=\"4f50225\" data-element_type=\"section\">\n\t\t\t\t\t\t<div class=\"elementor-container elementor-column-gap-default\">\n\t\t\t\t\t<div class=\"elementor-column elementor-col-100 elementor-top-column elementor-element elementor-element-c1572be\" data-id=\"c1572be\" data-element_type=\"column\">\n\t\t\t<div class=\"elementor-widget-wrap elementor-element-populated\">\n\t\t\t\t\t\t\t\t<div class=\"elementor-element elementor-element-f6314ef elementor-widget elementor-widget-text-editor\" data-id=\"f6314ef\" data-element_type=\"widget\" data-widget_type=\"text-editor.default\">\n\t\t\t\t<div class=\"elementor-widget-container\">\n\t\t\t\t\t\t\t<p><strong>Programa de Competitividad de Boyac\u00e1: Estudio de Econometr\u00eda 1998<\/strong><\/p><p style=\"text-align: justify;\">Desarrollado por la Corporaci\u00f3n Colombia Internacional tuvo como prop\u00f3sito principal la formulaci\u00f3n del programa de competitividad integrado a programas nacionales e internacionales, con el fin de dinamizar el nivel general de desarrollo de la actividad econ\u00f3mica departamental y la calidad de vida de sus habitantes. Se obtuvo como resultado de un proceso de acci\u00f3n concertada y participativa entre los diferentes agentes p\u00fablicos, privados y acad\u00e9micos del departamento, la definici\u00f3n de los diferentes elementos de Competitividad para el departamento, la creaci\u00f3n de un Consejo Regional de Competitividad.<\/p>\t\t\t\t\t\t<\/div>\n\t\t\t\t<\/div>\n\t\t\t\t<div class=\"elementor-element elementor-element-9668e74 elementor-widget elementor-widget-text-editor\" data-id=\"9668e74\" data-element_type=\"widget\" data-widget_type=\"text-editor.default\">\n\t\t\t\t<div class=\"elementor-widget-container\">\n\t\t\t\t\t\t\t<p><strong>Agenda Prospectiva Regional de Ciencia y Tecnolog\u00eda para el Departamento de Boyac\u00e1 2004<\/strong><\/p><p style=\"text-align: justify;\">Documento gu\u00eda para la orientaci\u00f3n de procesos de desarrollo regional\u00a0 liderado por el CREPIB en cual se dimensionaron tres productos importantes como fueron la definici\u00f3n de las estrategias y acciones para el fortalecimiento de la ciencia y la tecnolog\u00eda en el departamento; el dise\u00f1o del Sistema Regional de Ciencia y Tecnolog\u00eda; y el dise\u00f1o y montaje del soporte tecnol\u00f3gico de gesti\u00f3n de ciencia y tecnolog\u00eda regional.<\/p>\t\t\t\t\t\t<\/div>\n\t\t\t\t<\/div>\n\t\t\t\t<div class=\"elementor-element elementor-element-92c83ff elementor-widget elementor-widget-text-editor\" data-id=\"92c83ff\" data-element_type=\"widget\" data-widget_type=\"text-editor.default\">\n\t\t\t\t<div class=\"elementor-widget-container\">\n\t\t\t\t\t\t\t<p><strong>Agenda Interna Para la Competitividad de Boyac\u00e1 2007<\/strong><\/p><p style=\"text-align: justify;\">Documento elaborado con la coordinaci\u00f3n de planeaci\u00f3n nacional para evaluar la competitividad territorial y su vinculaci\u00f3n con los planes de desarrollo, este documento dio unas primeras l\u00edneas estrat\u00e9gicas en temas como Agroindustria, Miner\u00eda y Carb\u00f3n, artesan\u00edas, turismo y log\u00edstica y Transporte.<\/p>\t\t\t\t\t\t<\/div>\n\t\t\t\t<\/div>\n\t\t\t\t<div class=\"elementor-element elementor-element-59e6bcb elementor-widget elementor-widget-text-editor\" data-id=\"59e6bcb\" data-element_type=\"widget\" data-widget_type=\"text-editor.default\">\n\t\t\t\t<div class=\"elementor-widget-container\">\n\t\t\t\t\t\t\t<p><strong>Avance ODM En Boyac\u00e1 2010<br \/><\/strong><\/p><p style=\"text-align: justify;\">EL documento ajusta los indicadores de ODM para el departamento de Boyac\u00e1 a partir de la recolecci\u00f3n de cifras en los diferentes municipios para el monitoreo evaluaci\u00f3n y cumplimiento de los ODM\u00b4S en Boyac\u00e1.<\/p>\t\t\t\t\t\t<\/div>\n\t\t\t\t<\/div>\n\t\t\t\t<div class=\"elementor-element elementor-element-07d3fee elementor-widget elementor-widget-text-editor\" data-id=\"07d3fee\" data-element_type=\"widget\" data-widget_type=\"text-editor.default\">\n\t\t\t\t<div class=\"elementor-widget-container\">\n\t\t\t\t\t\t\t<p><strong>Comisi\u00f3n Regional De Competitividad De Boyac\u00e1 2007-2011<\/strong><\/p><p style=\"text-align: justify;\">A nivel regional el decreto 2873 de 2007 emanado por la Gobernaci\u00f3n de Boyac\u00e1 creo la comisi\u00f3n regional de competitividad que se encargar\u00eda de definir los lineamientos de pol\u00edtica relacionada con el desarrollo econ\u00f3mico del departamento en los sectores agroindustrial, minero, turismo, log\u00edstica y los relacionados con atracci\u00f3n y promoci\u00f3n de inversiones, comercio exterior, desarrollo empresarial infraestructura, conectividad y desarrollo sostenible.<\/p>\t\t\t\t\t\t<\/div>\n\t\t\t\t<\/div>\n\t\t\t\t<div class=\"elementor-element elementor-element-3aa2155 elementor-widget elementor-widget-text-editor\" data-id=\"3aa2155\" data-element_type=\"widget\" data-widget_type=\"text-editor.default\">\n\t\t\t\t<div class=\"elementor-widget-container\">\n\t\t\t\t\t\t\t<p><strong>Comisi\u00f3n Regional De Competitividad e Innovaci\u00f3n De Boyac\u00e1 2016-2019<br \/><\/strong><\/p><p style=\"text-align: justify;\">La Comisi\u00f3n Regional de Competitividad tiene como objetivo, el dise\u00f1o\u00a0 y ejecuci\u00f3n de pol\u00edticas p\u00fablicas y la coordinaci\u00f3n de las actividades que realizan las instancias privadas, p\u00fablicas, y sociales, el presente documento se convierte en la carta de navegaci\u00f3n necesaria para fortalecer el tejido socio-empresarial del departamento como un elemento clave para la estrategia de competitividad departamental enfocado en Cuatro apuestas productivas sectoriales en Agroindustria, Miner\u00eda, Metal-Mecanico y Turismo, Coherente con las pol\u00edticas Nacionales CONPES 3439 y CONPES 3484 y ajustados a los requerimientos de competitividad del CONPES 3527 y alineado con la pol\u00edtica nacional de desarrollo Productivo CONPES 3866\/2016 y el (PDD), Plan De Desarrollo Departamental \u201cCreemos En Boyac\u00e1, Tierra De Paz Y Libertad \u2013 2016-2019\u201d<strong>\u00a0<\/strong><\/p>\t\t\t\t\t\t<\/div>\n\t\t\t\t<\/div>\n\t\t\t\t<div class=\"elementor-element elementor-element-f3bbecd elementor-widget elementor-widget-text-editor\" data-id=\"f3bbecd\" data-element_type=\"widget\" data-widget_type=\"text-editor.default\">\n\t\t\t\t<div class=\"elementor-widget-container\">\n\t\t\t\t\t\t\t<p><strong>Comisi\u00f3n Regional De Competitividad e Innovaci\u00f3n De Boyac\u00e1 2020<\/strong><\/p><p style=\"text-align: justify;\">La Comisi\u00f3n Regional de Competitividad tiene como objetivo, el promover y articular iniciativas para fortalecer la competitividad en cuatro apuestas productivas sectoriales en Agroindustria, Miner\u00eda, Metal-Mecanico y Turismo, Coherente con las pol\u00edticas Nacionales del sistema nacional de competitividad (SNCI), El Gobierno Nacional por recomendaci\u00f3n de la Comisi\u00f3n Nacional de Competitividad e Innovaci\u00f3n\u00a0y en coordinaci\u00f3n con las autoridades departamentales y las c\u00e1maras de comercio, promovi\u00f3 la creaci\u00f3n de las comisiones regionales de competitividad e innovaci\u00f3n, cuya composici\u00f3n garantiza la adecuada participaci\u00f3n de los principales actores sociales de la regi\u00f3n, se ajustan a la normatividad actual por medio del Decreto 1651 de 11 de Septiembre de 2019, el cual establece la organizaci\u00f3n y funcionamiento del Sistema Nacional de Competitividad e Innovaci\u00f3n y el (PDD), Plan De Desarrollo Departamental \u201cPacto Social Por Boyac\u00e1 Tierra Que Sigue Avanzando 2020-2023\u201d<strong>\u00a0<\/strong><\/p>\t\t\t\t\t\t<\/div>\n\t\t\t\t<\/div>\n\t\t\t\t<div class=\"elementor-element elementor-element-0cec11e elementor-widget elementor-widget-text-editor\" data-id=\"0cec11e\" data-element_type=\"widget\" data-widget_type=\"text-editor.default\">\n\t\t\t\t<div class=\"elementor-widget-container\">\n\t\t\t\t\t\t\t<p><b>Decreto 475 de 2020, por el cual se actualiza la organizaci\u00f3n y funcionamiento de la Comisi\u00f3n Regional de Competitividad e innovaci\u00f3n &#8211; CRCI de Boyac\u00e1\u00a0\u00a0<\/b><\/p><p style=\"text-align: justify;\">A partir de la entrada en vigencia del presente decreto, la Comisi\u00f3n Regional de Competitividad- CRC de Boyac\u00e1, se denominar\u00e1; Comisi\u00f3n Regional de Competitividad e Innovaci\u00f3n de Boyac\u00e1, CRCI de Boyac\u00e1 de conformidad con el articulo 2.1.8.1.3 del decreto \u00fanico reglamentario 1081 de 2015, adicionado por el decreto 1651 de 2019 de 2019, la CRCI de Boyac\u00e1 ser\u00e1 la instancia encargada de la coordinaci\u00f3n y articulaci\u00f3n de las distintas instancias departamentales y subregionales que desarrollan acciones dirigidas a fortalecer la competitividad e innovaci\u00f3n en el departamento de Boyac\u00e1, en el marco del Sistema Nacional de Competitividad e Innovaci\u00f3n. As\u00ed mismo, es el espacio para la cooperaci\u00f3n publico, privado y la academia a nivel departamental, orientada la formulaci\u00f3n, implementaci\u00f3n y seguimiento de la Agenda Departamental de Competitividad e Innovaci\u00f3n.<\/p>\t\t\t\t\t\t<\/div>\n\t\t\t\t<\/div>\n\t\t\t\t<div class=\"elementor-element elementor-element-61d31bc elementor-widget elementor-widget-text-editor\" data-id=\"61d31bc\" data-element_type=\"widget\" data-widget_type=\"text-editor.default\">\n\t\t\t\t<div class=\"elementor-widget-container\">\n\t\t\t\t\t\t\t\t\t\t\t\t\t<\/div>\n\t\t\t\t<\/div>\n\t\t\t\t\t<\/div>\n\t\t<\/div>\n\t\t\t\t\t\t\t<\/div>\n\t\t<\/section>\n\t\t\t\t\t\t\t<\/div>\n\t\t","protected":false},"excerpt":{"rendered":"<p>Programa de Competitividad de Boyac\u00e1: Estudio de Econometr\u00eda 1998 Desarrollado por la Corporaci\u00f3n Colombia Internacional tuvo como prop\u00f3sito principal la formulaci\u00f3n del programa de competitividad [&hellip;]<\/p>\n","protected":false},"author":2,"featured_media":0,"parent":0,"menu_order":0,"comment_status":"closed","ping_status":"closed","template":"elementor_header_footer","meta":{"footnotes":""},"_links":{"self":[{"href":"https:\/\/cctunja.org.co\/boyacacompite\/wp-json\/wp\/v2\/pages\/107"}],"collection":[{"href":"https:\/\/cctunja.org.co\/boyacacompite\/wp-json\/wp\/v2\/pages"}],"about":[{"href":"https:\/\/cctunja.org.co\/boyacacompite\/wp-json\/wp\/v2\/types\/page"}],"author":[{"embeddable":true,"href":"https:\/\/cctunja.org.co\/boyacacompite\/wp-json\/wp\/v2\/users\/2"}],"replies":[{"embeddable":true,"href":"https:\/\/cctunja.org.co\/boyacacompite\/wp-json\/wp\/v2\/comments?post=107"}],"version-history":[{"count":16,"href":"https:\/\/cctunja.org.co\/boyacacompite\/wp-json\/wp\/v2\/pages\/107\/revisions"}],"predecessor-version":[{"id":1385,"href":"https:\/\/cctunja.org.co\/boyacacompite\/wp-json\/wp\/v2\/pages\/107\/revisions\/1385"}],"wp:attachment":[{"href":"https:\/\/cctunja.org.co\/boyacacompite\/wp-json\/wp\/v2\/media?parent=107"}],"curies":[{"name":"wp","href":"https:\/\/api.w.org\/{rel}","templated":true}]}}